{"id":74,"date":"2023-02-22T15:30:02","date_gmt":"2023-02-22T14:30:02","guid":{"rendered":"http:\/\/nicolasmatenot.ddns.net\/?page_id=74"},"modified":"2026-02-12T15:39:56","modified_gmt":"2026-02-12T14:39:56","slug":"le-cabinet","status":"publish","type":"page","link":"https:\/\/nicolasmatenot.ddns.net\/?page_id=74","title":{"rendered":"Le cabinet"},"content":{"rendered":"\n<figure class=\"wp-block-image size-large\"><img loading=\"lazy\" decoding=\"async\" width=\"1024\" height=\"683\" src=\"https:\/\/nicolasmatenot.ddns.net\/wp-content\/uploads\/2023\/02\/IMG_2721-1-scaled-1-1024x683.jpg\" alt=\"\" class=\"wp-image-85\" srcset=\"https:\/\/nicolasmatenot.ddns.net\/wp-content\/uploads\/2023\/02\/IMG_2721-1-scaled-1-1024x683.jpg 1024w, https:\/\/nicolasmatenot.ddns.net\/wp-content\/uploads\/2023\/02\/IMG_2721-1-scaled-1-300x200.jpg 300w, https:\/\/nicolasmatenot.ddns.net\/wp-content\/uploads\/2023\/02\/IMG_2721-1-scaled-1-768x512.jpg 768w, https:\/\/nicolasmatenot.ddns.net\/wp-content\/uploads\/2023\/02\/IMG_2721-1-scaled-1-1536x1024.jpg 1536w, https:\/\/nicolasmatenot.ddns.net\/wp-content\/uploads\/2023\/02\/IMG_2721-1-scaled-1-2048x1366.jpg 2048w, https:\/\/nicolasmatenot.ddns.net\/wp-content\/uploads\/2023\/02\/IMG_2721-1-scaled-1-1568x1046.jpg 1568w\" sizes=\"auto, (max-width: 1024px) 100vw, 1024px\" \/><\/figure>\n\n\n\n<h2 class=\"wp-block-heading has-normal-font-size\"><br><br><strong>Localisation : <\/strong><\/h2>\n\n\n\n<h2 class=\"wp-block-heading has-normal-font-size\"><br><\/h2>\n\n\n\n<ul class=\"wp-block-list\">\n<li>Au sein du <a href=\"https:\/\/dr-pignard-nicolas.chirurgiens-dentistes.fr\" data-type=\"URL\" data-id=\"https:\/\/dr-pignard-nicolas.chirurgiens-dentistes.fr\">Centre de Polysant\u00e9 du Pujol<\/a> \u00e0 Auriol,<\/li>\n\n\n\n<li>Il poss\u00e8de un parking et est \u00e0 2 minutes de l&rsquo;autoroute et du coll\u00e8ge Ubelka,<\/li>\n\n\n\n<li>De nombreux commerces sont \u00e0 proximit\u00e9,<\/li>\n\n\n\n<li>Il dessert facilement les villes de Plan d&rsquo;Aups, La Destrousse, La Bouilladisse, Roquevaire, Saint Zacharie et G\u00e9menos, <\/li>\n\n\n\n<li>Il est 10 minutes d&rsquo;Aubagne et 30 minutes de Marseille.<\/li>\n<\/ul>\n\n\n\n<h2 class=\"wp-block-heading has-normal-font-size\"><br><br><strong>Sur place : <\/strong><\/h2>\n\n\n\n<ul class=\"wp-block-list\">\n<li>Le cabinet est adapt\u00e9 pour les personnes \u00e0 mobilit\u00e9 r\u00e9duite, <\/li>\n\n\n\n<li>Il y a une salle d&rsquo;attente commune \u00e0 tous les professionnels, <\/li>\n\n\n\n<li>Il comprend un cabinet dentaire, une infirmi\u00e8re lib\u00e9rale, une psychomotricienne, une orthophoniste, un ost\u00e9opathe,<\/li>\n\n\n\n<li>Et un bureau d&rsquo;entretien chaleureux et confidentiel pour nos rendez-vous, <\/li>\n\n\n\n<li>Avec un espace adapt\u00e9 pour les enfants. <br><br><br><\/li>\n<\/ul>\n\n\n\n<figure class=\"wp-block-image size-full\"><img loading=\"lazy\" decoding=\"async\" width=\"960\" height=\"720\" src=\"https:\/\/nicolasmatenot.ddns.net\/wp-content\/uploads\/2023\/02\/Cabint-Gaelle-baron-.jpg\" alt=\"\" class=\"wp-image-87\" srcset=\"https:\/\/nicolasmatenot.ddns.net\/wp-content\/uploads\/2023\/02\/Cabint-Gaelle-baron-.jpg 960w, https:\/\/nicolasmatenot.ddns.net\/wp-content\/uploads\/2023\/02\/Cabint-Gaelle-baron--300x225.jpg 300w, https:\/\/nicolasmatenot.ddns.net\/wp-content\/uploads\/2023\/02\/Cabint-Gaelle-baron--768x576.jpg 768w\" sizes=\"auto, (max-width: 960px) 100vw, 960px\" \/><\/figure>\n\n\n\n<h2 class=\"wp-block-heading has-normal-font-size\"><br><br><strong>Mes collaborateurs : <\/strong><br><br><\/h2>\n\n\n\n<ul class=\"wp-block-list\">\n<li>En fonction de vos besoins et de nos sp\u00e9cificit\u00e9s, je peux \u00eatre amen\u00e9 \u00e0 vous orienter au cabinet vers : <\/li>\n\n\n\n<li><a href=\"https:\/\/www.laurence-kertchef.fr\" data-type=\"URL\" data-id=\"https:\/\/www.laurence-kertchef.fr\">Madame Kertchef, th\u00e9rapeute<\/a> Gestalt et hypnose, 06 17 42 38 25<\/li>\n\n\n\n<li>Elodie Budiel, Psychologue \u00e0 Aubagne.<\/li>\n<\/ul>\n\n\n\n<p><\/p>\n","protected":false},"excerpt":{"rendered":"<p>Localisation : Sur place : Mes collaborateurs :<\/p>\n","protected":false},"author":1,"featured_media":0,"parent":0,"menu_order":0,"comment_status":"closed","ping_status":"closed","template":"","meta":{"footnotes":""},"class_list":["post-74","page","type-page","status-publish","hentry","entry"],"_links":{"self":[{"href":"https:\/\/nicolasmatenot.ddns.net\/index.php?rest_route=\/wp\/v2\/pages\/74","targetHints":{"allow":["GET"]}}],"collection":[{"href":"https:\/\/nicolasmatenot.ddns.net\/index.php?rest_route=\/wp\/v2\/pages"}],"about":[{"href":"https:\/\/nicolasmatenot.ddns.net\/index.php?rest_route=\/wp\/v2\/types\/page"}],"author":[{"embeddable":true,"href":"https:\/\/nicolasmatenot.ddns.net\/index.php?rest_route=\/wp\/v2\/users\/1"}],"replies":[{"embeddable":true,"href":"https:\/\/nicolasmatenot.ddns.net\/index.php?rest_route=%2Fwp%2Fv2%2Fcomments&post=74"}],"version-history":[{"count":26,"href":"https:\/\/nicolasmatenot.ddns.net\/index.php?rest_route=\/wp\/v2\/pages\/74\/revisions"}],"predecessor-version":[{"id":237,"href":"https:\/\/nicolasmatenot.ddns.net\/index.php?rest_route=\/wp\/v2\/pages\/74\/revisions\/237"}],"wp:attachment":[{"href":"https:\/\/nicolasmatenot.ddns.net\/index.php?rest_route=%2Fwp%2Fv2%2Fmedia&parent=74"}],"curies":[{"name":"wp","href":"https:\/\/api.w.org\/{rel}","templated":true}]}}