{"id":53,"date":"2023-02-22T14:54:53","date_gmt":"2023-02-22T13:54:53","guid":{"rendered":"http:\/\/nicolasmatenot.ddns.net\/?page_id=53"},"modified":"2026-02-16T10:49:23","modified_gmt":"2026-02-16T09:49:23","slug":"qui-suis-je","status":"publish","type":"page","link":"https:\/\/nicolasmatenot.ddns.net\/","title":{"rendered":"Qui suis-je ?"},"content":{"rendered":"\n<blockquote class=\"wp-block-quote is-layout-flow wp-block-quote-is-layout-flow\">\n<p class=\"has-text-align-center has-normal-font-size\">Je suis psychologue pour enfants, <\/p>\n\n\n\n<p class=\"has-text-align-center has-normal-font-size\">adolescents, parents et adultes, \u00e0 Auriol.<br><br><\/p>\n<\/blockquote>\n\n\n\n<p class=\"has-normal-font-size\"><\/p>\n\n\n\n<h2 class=\"wp-block-heading has-normal-font-size\">Depuis une dizaine d\u2019ann\u00e9es, je travaille comme psychologue. <\/h2>\n\n\n\n<p>Voici comment les enfants voient mon r\u00f4le : \u00ab\u00a0T&rsquo;es un peu le docteur des soucis\u00a0\u00bb, \u00ab\u00a0Nicolas, il m&rsquo;aide \u00e0 bien grandir\u00a0\u00bb. <\/p>\n\n\n\n<p>Et pour les adultes et les parents : \u00ab\u00a0Le travail de Nicolas est de penser \u00e0 ce que je pense\u00a0\u00bb, ou \u00ab\u00a0de me donner des outils\u00a0\u00bb. <br><\/p>\n\n\n\n<h2 class=\"wp-block-heading has-normal-font-size\">Je me suis install\u00e9 en 2023 \u00e0 Auriol o\u00f9  je vous accompagne :&nbsp;<\/h2>\n\n\n\n<ul class=\"wp-block-list\">\n<li>En cabinet, <\/li>\n\n\n\n<li>En visio-consultation,&nbsp;<\/li>\n\n\n\n<li>Dans les \u00e9tablissements scolaire (\u00e9quipes \u00e9ducatives&#8230;) ou des lieux de formation continue.&nbsp;<br><br><\/li>\n<\/ul>\n\n\n\n<h2 class=\"wp-block-heading has-normal-font-size\">Vous trouverez ici les informations selon que vous souhaitez&nbsp;:&nbsp;<\/h2>\n\n\n\n<ul class=\"wp-block-list\">\n<li>Une <a href=\"https:\/\/nicolasmatenot.ddns.net\/?page_id=2\" data-type=\"URL\" data-id=\"https:\/\/nicolasmatenot.ddns.net\/?page_id=2\">consultation psychologique<\/a>,<\/li>\n\n\n\n<li>Des <a href=\"https:\/\/nicolasmatenot.ddns.net\/?page_id=21\" data-type=\"URL\" data-id=\"https:\/\/nicolasmatenot.ddns.net\/?page_id=21\">formations ou analyses de pratiques<\/a>.&nbsp;<br><br><\/li>\n<\/ul>\n\n\n\n<h2 class=\"wp-block-heading has-normal-font-size\">Pour en savoir plus contactez-moi&nbsp;!<\/h2>\n","protected":false},"excerpt":{"rendered":"<p>Je suis psychologue pour enfants, adolescents, parents et adultes, \u00e0 Auriol. Depuis une dizaine d\u2019ann\u00e9es, je travaille comme psychologue. Voici comment les enfants voient mon r\u00f4le : \u00ab\u00a0T&rsquo;es un peu le docteur des soucis\u00a0\u00bb, \u00ab\u00a0Nicolas, il m&rsquo;aide \u00e0 bien grandir\u00a0\u00bb. Et pour les adultes et les parents : \u00ab\u00a0Le travail de Nicolas est de penser&hellip; <a class=\"more-link\" href=\"https:\/\/nicolasmatenot.ddns.net\/\">Poursuivre la lecture <span class=\"screen-reader-text\">Qui suis-je ?<\/span><\/a><\/p>\n","protected":false},"author":1,"featured_media":0,"parent":0,"menu_order":0,"comment_status":"closed","ping_status":"closed","template":"","meta":{"footnotes":""},"class_list":["post-53","page","type-page","status-publish","hentry","entry"],"_links":{"self":[{"href":"https:\/\/nicolasmatenot.ddns.net\/index.php?rest_route=\/wp\/v2\/pages\/53","targetHints":{"allow":["GET"]}}],"collection":[{"href":"https:\/\/nicolasmatenot.ddns.net\/index.php?rest_route=\/wp\/v2\/pages"}],"about":[{"href":"https:\/\/nicolasmatenot.ddns.net\/index.php?rest_route=\/wp\/v2\/types\/page"}],"author":[{"embeddable":true,"href":"https:\/\/nicolasmatenot.ddns.net\/index.php?rest_route=\/wp\/v2\/users\/1"}],"replies":[{"embeddable":true,"href":"https:\/\/nicolasmatenot.ddns.net\/index.php?rest_route=%2Fwp%2Fv2%2Fcomments&post=53"}],"version-history":[{"count":24,"href":"https:\/\/nicolasmatenot.ddns.net\/index.php?rest_route=\/wp\/v2\/pages\/53\/revisions"}],"predecessor-version":[{"id":239,"href":"https:\/\/nicolasmatenot.ddns.net\/index.php?rest_route=\/wp\/v2\/pages\/53\/revisions\/239"}],"wp:attachment":[{"href":"https:\/\/nicolasmatenot.ddns.net\/index.php?rest_route=%2Fwp%2Fv2%2Fmedia&parent=53"}],"curies":[{"name":"wp","href":"https:\/\/api.w.org\/{rel}","templated":true}]}}