{"id":21,"date":"2023-02-07T11:36:27","date_gmt":"2023-02-07T10:36:27","guid":{"rendered":"http:\/\/nicolasmatenot.ddns.net\/?page_id=21"},"modified":"2024-05-13T13:14:57","modified_gmt":"2024-05-13T11:14:57","slug":"accompagnement-de-professionnels","status":"publish","type":"page","link":"https:\/\/nicolasmatenot.ddns.net\/?page_id=21","title":{"rendered":"Accompagnement de professionnels"},"content":{"rendered":"\n<p class=\"has-text-align-center has-normal-font-size\"><br><\/p>\n\n\n\n<blockquote class=\"wp-block-quote has-text-align-center is-layout-flow wp-block-quote-is-layout-flow\">\n<p class=\"has-normal-font-size\">Avec un regard de praticien engag\u00e9, j&rsquo;accompagne des structures, projets et professionnels de mani\u00e8re collaborative.<\/p>\n<\/blockquote>\n\n\n\n<p><\/p>\n\n\n\n<p class=\"has-normal-font-size\"><strong>Ma p\u00e9dagogie de formations et d&rsquo;analyse de pratiques : <\/strong><\/p>\n\n\n\n<p><\/p>\n\n\n\n<p><br><\/p>\n\n\n\n<ul class=\"wp-block-list\">\n<li>Je m&rsquo;appuie sur l&rsquo;ing\u00e9nierie&nbsp;psycho-sociale&nbsp;pour mener mes animations :&nbsp;diagnostic&nbsp;des&nbsp;besoins,&nbsp;construction&nbsp;de&nbsp;cahier&nbsp;des&nbsp;charges,&nbsp;prestation,&nbsp;\u00e9valuation et restitution.<\/li>\n\n\n\n<li>Mon approche est tr\u00e8s&nbsp;participative, avec de nombreux jeux et outils pour&nbsp;d\u00e9construire les repr\u00e9sentations des stagiaires et leur apporter des connaissances.<\/li>\n\n\n\n<li>Ma pratique de psychologue me permet d\u2019apporter des \u00e9clairages compl\u00e9mentaires (savoir-\u00eatre, probl\u00e9matiques de sant\u00e9 mentale\u2026).<\/li>\n\n\n\n<li>Mon objectif est de faciliter l\u2019empowerment des professionnels (objet de ma th\u00e8se professionnelle de Mast\u00e8re de management).<\/li>\n<\/ul>\n\n\n\n<p><\/p>\n\n\n\n<p><br><br><br><\/p>\n\n\n\n<h2 class=\"wp-block-heading has-text-align-center has-large-font-size\"><strong>Plus que de former des professionnels et leur transmettre des comp\u00e9tences, je cherche \u00e0 les transformer, \u00e0 leur transmettre une \u00e9thique. <\/strong><br><\/h2>\n\n\n\n<p><br><br><\/p>\n\n\n\n<p><\/p>\n\n\n\n<h2 class=\"wp-block-heading has-normal-font-size\"><strong>Mes principales exp\u00e9riences : <\/strong><\/h2>\n\n\n\n<p><\/p>\n\n\n\n<p><br><\/p>\n\n\n\n<ul class=\"wp-block-list\">\n<li>Refus d\u2019aides et de soins, sur 2 jours, pour des Dispositifs d\u2019Appui \u00e0 la Coordination, 20 groupes, 2023-24.<\/li>\n\n\n\n<li>Animations de s\u00e9ances d\u2019analyse de pratiques professionnelles, DAC, associations de sant\u00e9 mentale, 2024.<\/li>\n\n\n\n<li>Rep\u00e9rer les demandeurs d&#8217;emploi en situation d&rsquo;addiction, sur une journ\u00e9e, pour P\u00f4le Emploi Paca et <a href=\"http:\/\/ipsis-consulting.fr\" data-type=\"URL\" data-id=\"http:\/\/ipsis-consulting.fr\">IPSIS Consulting<\/a>, 10 groupes, 2023.<\/li>\n\n\n\n<li>De la participation, pour le <a href=\"https:\/\/www.collcoop.org\" data-type=\"URL\" data-id=\"https:\/\/www.collcoop.org\">Coll\u00e8ge Coop\u00e9ratif PAM<\/a>, promotion DESJEPS, 2023. <\/li>\n\n\n\n<li>Accompagner les usages de drogues et prises de risques chez les jeunes, CSAPA \/ CODES \/ CEGIDD \/ La Croix Rouge \/ ESJ, 20 groupes, depuis 2015. <\/li>\n\n\n\n<li>Vie affective et sexuelle \/ Pr\u00e9vention des addictions \/ Accompagnement du num\u00e9rique \/ Pr\u00e9vention de la violence, Ecoles \/ Coll\u00e8ges \/ Lyc\u00e9es \/ Associations \u00e9tudiantes, depuis 2015.<br><\/li>\n<\/ul>\n\n\n\n<h2 class=\"wp-block-heading has-normal-font-size\"><br><strong>Mes derni\u00e8res formations<\/strong> : <\/h2>\n\n\n\n<p><br><\/p>\n\n\n\n<p><\/p>\n\n\n\n<ul class=\"wp-block-list\">\n<li>Formation de formateur au programme \u00ab\u00a0<a href=\"https:\/\/marie-vincent.org\/tools\/programme-lanterne\/\" data-type=\"URL\" data-id=\"https:\/\/marie-vincent.org\/tools\/programme-lanterne\/\">Lanterne<\/a>\u00a0\u00bb : pr\u00e9vention de la violence sexuelle bas\u00e9 sur l\u2019\u00e9ducation \u00e0 la sexualit\u00e9 et la promotion des relations \u00e9galitaires, 2023, <a href=\"https:\/\/comite-ad-de-bretagne.fr\" data-type=\"URL\" data-id=\"https:\/\/comite-ad-de-bretagne.fr\">Alexis Danan de Bretagne<\/a>,<\/li>\n\n\n\n<li>MOOC \u00ab\u00a0Agir localement pour la sant\u00e9 et le bien-\u00eatre des populations\u00a0\u00bb, 2021, CNFPT,<\/li>\n\n\n\n<li>MOOC \u00ab\u00a0Du manager au leader\u00a0\u00bb, 2020, CNAM,<\/li>\n\n\n\n<li>Mast\u00e8re de management, 2020, Kedge Business School.<\/li>\n<\/ul>\n","protected":false},"excerpt":{"rendered":"<p>Avec un regard de praticien engag\u00e9, j&rsquo;accompagne des structures, projets et professionnels de mani\u00e8re collaborative. Ma p\u00e9dagogie de formations et d&rsquo;analyse de pratiques : Plus que de former des professionnels et leur transmettre des comp\u00e9tences, je cherche \u00e0 les transformer, \u00e0 leur transmettre une \u00e9thique. Mes principales exp\u00e9riences : Mes derni\u00e8res formations :<\/p>\n","protected":false},"author":1,"featured_media":0,"parent":0,"menu_order":0,"comment_status":"closed","ping_status":"closed","template":"","meta":{"footnotes":""},"class_list":["post-21","page","type-page","status-publish","hentry","entry"],"_links":{"self":[{"href":"https:\/\/nicolasmatenot.ddns.net\/index.php?rest_route=\/wp\/v2\/pages\/21","targetHints":{"allow":["GET"]}}],"collection":[{"href":"https:\/\/nicolasmatenot.ddns.net\/index.php?rest_route=\/wp\/v2\/pages"}],"about":[{"href":"https:\/\/nicolasmatenot.ddns.net\/index.php?rest_route=\/wp\/v2\/types\/page"}],"author":[{"embeddable":true,"href":"https:\/\/nicolasmatenot.ddns.net\/index.php?rest_route=\/wp\/v2\/users\/1"}],"replies":[{"embeddable":true,"href":"https:\/\/nicolasmatenot.ddns.net\/index.php?rest_route=%2Fwp%2Fv2%2Fcomments&post=21"}],"version-history":[{"count":34,"href":"https:\/\/nicolasmatenot.ddns.net\/index.php?rest_route=\/wp\/v2\/pages\/21\/revisions"}],"predecessor-version":[{"id":210,"href":"https:\/\/nicolasmatenot.ddns.net\/index.php?rest_route=\/wp\/v2\/pages\/21\/revisions\/210"}],"wp:attachment":[{"href":"https:\/\/nicolasmatenot.ddns.net\/index.php?rest_route=%2Fwp%2Fv2%2Fmedia&parent=21"}],"curies":[{"name":"wp","href":"https:\/\/api.w.org\/{rel}","templated":true}]}}