{"id":2,"date":"2023-01-18T12:35:33","date_gmt":"2023-01-18T11:35:33","guid":{"rendered":"http:\/\/nicolasmatenot.ddns.net\/?page_id=2"},"modified":"2026-02-12T15:36:47","modified_gmt":"2026-02-12T14:36:47","slug":"page-d-exemple","status":"publish","type":"page","link":"https:\/\/nicolasmatenot.ddns.net\/?page_id=2","title":{"rendered":"Consultations psychologiques"},"content":{"rendered":"\n<blockquote class=\"wp-block-quote is-layout-flow wp-block-quote-is-layout-flow\">\n<h2 class=\"wp-block-heading has-text-align-center has-large-font-size\"><strong>Je suis sp\u00e9cialis\u00e9 en parentalit\u00e9 et en enfance pour agir le plus t\u00f4t pour d\u00e9velopper le plein potentiel de chacun !<\/strong><\/h2>\n<\/blockquote>\n\n\n\n<p><\/p>\n\n\n\n<p><br><\/p>\n\n\n\n<blockquote class=\"wp-block-quote is-layout-flow wp-block-quote-is-layout-flow\">\n<p>Mes comp\u00e9tences m&rsquo;am\u00e8nent \u00e0 faire diff\u00e9rents types d&rsquo;accompagnements :<\/p>\n\n\n\n<ul class=\"wp-block-list\">\n<li>Pour les enfants qui rencontrent des difficult\u00e9s passag\u00e8res (gestion de la col\u00e8re ou du stress, mise au devoirs, probl\u00e8mes d&rsquo;endormissement, hygi\u00e8ne\u2026),<\/li>\n\n\n\n<li>Pour les parents qui ont besoin d&rsquo;\u00e9quilibrer leur positionnement parental (entre autorit\u00e9 et \u00e9ducation positive&#8230;),<\/li>\n\n\n\n<li> Pour les familles neuro-atypiques (TDAH, TOP, dys&#8230;) pour lesquelles des outils sp\u00e9cifiques sont n\u00e9cessaires pour retrouver le bien-\u00eatre familial,<\/li>\n\n\n\n<li>Pour les parents d&rsquo;ados o\u00f9 les conflits sont trop pr\u00e9sents,<\/li>\n\n\n\n<li>Pour les adultes qui souhaitent d\u00e9velopper leur plein potentiel (g\u00e9rer des relations toxiques, savoir dire non, ne pas procrastiner&#8230;).<\/li>\n\n\n\n<li>Ou pour les professionnels qui ont besoin de r\u00e9fl\u00e9chir sur leurs pratiques (souffrance, burn-out, management\u2026).&nbsp;<br><br><\/li>\n<\/ul>\n\n\n\n<p>Comment fonctionnent les s\u00e9ances&nbsp;:&nbsp;<\/p>\n\n\n\n<ul class=\"wp-block-list\">\n<li>Un premier rendez-vous comprendre votre situation globale et identifier vos besoins, <\/li>\n\n\n\n<li>Puis un suivi avec \u00e9coute, non-jugement, et des apports (concepts, outils&#8230;), <\/li>\n\n\n\n<li>D&rsquo;une s\u00e9ance \u00e0 l&rsquo;autre nous revenons sur les avancements, et la plus-value des apports,<\/li>\n\n\n\n<li>Le rythme des s\u00e9ances est fix\u00e9 selon vos besoins et possibilit\u00e9s,<\/li>\n\n\n\n<li>Chaque consultation dure 55 minutes.<br><br><\/li>\n<\/ul>\n\n\n\n<p>Informations pratiques&nbsp;:&nbsp;<\/p>\n\n\n\n<ul class=\"wp-block-list\">\n<li>Les lundis, mardis et vendredis <a href=\"https:\/\/nicolasmatenot.ddns.net\/?page_id=74\" data-type=\"URL\" data-id=\"https:\/\/nicolasmatenot.ddns.net\/?page_id=74\">au cabinet<\/a>,&nbsp;<\/li>\n\n\n\n<li>Les mercredis et jeudis en visio,<\/li>\n\n\n\n<li>60\u20ac la consultation (je ne prends pas la carte bancaire),<\/li>\n\n\n\n<li>Possibilit\u00e9 de tarifs adapt\u00e9s pour les personnes ayant des difficult\u00e9s financi\u00e8res,&nbsp;<\/li>\n\n\n\n<li>Je n&rsquo;adh\u00e8re pas au dispositif Monpsy, certaines mutuelles prennent en charge les consultations psychologiques,<\/li>\n\n\n\n<li>Il est n\u00e9cessaire de me contacter pour prendre un rendez-vous (ni secr\u00e9tariat, ni sms),<\/li>\n\n\n\n<li>Une consultation annul\u00e9e moins de 48h \u00e0 l\u2019avance est due.<br><br><\/li>\n<\/ul>\n<\/blockquote>\n\n\n\n<h1 class=\"wp-block-heading has-normal-font-size\"><strong>Mes derni\u00e8res formations<\/strong> : <br><br><\/h1>\n\n\n\n<ul class=\"wp-block-list\">\n<li>Formations en psychologie \u00ab\u00a0La th\u00e9rapie cognitive et comportementale chez l\u2019enfant\u00a0\u00bb, \u00ab\u00a0Th\u00e9rapie d&rsquo;acceptation et d&rsquo;engagement\u00a0\u00bb 2023-25, <a href=\"https:\/\/neurodiff.fr\" data-type=\"URL\" data-id=\"https:\/\/neurodiff.fr\">Neurodiff Formation<\/a>,<\/li>\n\n\n\n<li>Formations sur le TDAH : Universit\u00e9 de Laval, Universit\u00e9 de Gen\u00e8ve,  association Hyper-Supers, Cheneli\u00e8re Education, 2023-26,<\/li>\n\n\n\n<li>Formations \u00ab\u00a0Les troubles du comportements des enfants et ados\u00a0\u00bb et \u00ab\u00a0Troubles du Neuro-D\u00e9veloppement\u00a0\u00bb : Centre de formation clinique, 2023-26,<\/li>\n\n\n\n<li>Formations en guidance parentale sp\u00e9cialis\u00e9es : m\u00e9thode Barkley enfant puis ados, <a href=\"https:\/\/neurodiff.fr\" data-type=\"URL\" data-id=\"https:\/\/neurodiff.fr\">Neurodiff Formation<\/a> ; \u00ab\u00a0<a href=\"https:\/\/tpel.triplep.net\/modules.aspx\" data-type=\"URL\" data-id=\"https:\/\/tpel.triplep.net\/modules.aspx\">Triple P<\/a>\u00ab\u00a0, Universit\u00e9 du Queensland ; \u00ab\u00a0R\u00e9sistance Non Violente\u00a0\u00bb, React ; \u00ab\u00a0Kazdin\u00a0\u00bb, 2023-25,<\/li>\n\n\n\n<li>Formations g\u00e9n\u00e9ralistes \u00ab\u00a0Entretien motivationnel\u00a0\u00bb, \u00ab\u00a0Ecoute active\u00a0\u00bb, \u00ab\u00a0Pr\u00e9vention des risques suicidaires\u00a0\u00bb, \u00ab\u00a0Addictions\u00a0\u00bb, \u00ab\u00a0Chemsex\u00a0\u00bb, \u00ab\u00a0Egalit\u00e9 filles gar\u00e7ons\u00a0\u00bb, \u00ab\u00a0Violences sexistes et sexuelles\u00a0\u00bb&#8230; depuis 2008,<\/li>\n\n\n\n<li>Master de psychologie, 2011, Universit\u00e9 Aix Marseille, <\/li>\n\n\n\n<li>Supervisions individuelles depuis 2008.<\/li>\n<\/ul>\n\n\n\n<p><\/p>\n","protected":false},"excerpt":{"rendered":"<p>Je suis sp\u00e9cialis\u00e9 en parentalit\u00e9 et en enfance pour agir le plus t\u00f4t pour d\u00e9velopper le plein potentiel de chacun ! Mes derni\u00e8res formations :<\/p>\n","protected":false},"author":1,"featured_media":0,"parent":0,"menu_order":0,"comment_status":"closed","ping_status":"open","template":"","meta":{"footnotes":""},"class_list":["post-2","page","type-page","status-publish","hentry","entry"],"_links":{"self":[{"href":"https:\/\/nicolasmatenot.ddns.net\/index.php?rest_route=\/wp\/v2\/pages\/2","targetHints":{"allow":["GET"]}}],"collection":[{"href":"https:\/\/nicolasmatenot.ddns.net\/index.php?rest_route=\/wp\/v2\/pages"}],"about":[{"href":"https:\/\/nicolasmatenot.ddns.net\/index.php?rest_route=\/wp\/v2\/types\/page"}],"author":[{"embeddable":true,"href":"https:\/\/nicolasmatenot.ddns.net\/index.php?rest_route=\/wp\/v2\/users\/1"}],"replies":[{"embeddable":true,"href":"https:\/\/nicolasmatenot.ddns.net\/index.php?rest_route=%2Fwp%2Fv2%2Fcomments&post=2"}],"version-history":[{"count":62,"href":"https:\/\/nicolasmatenot.ddns.net\/index.php?rest_route=\/wp\/v2\/pages\/2\/revisions"}],"predecessor-version":[{"id":236,"href":"https:\/\/nicolasmatenot.ddns.net\/index.php?rest_route=\/wp\/v2\/pages\/2\/revisions\/236"}],"wp:attachment":[{"href":"https:\/\/nicolasmatenot.ddns.net\/index.php?rest_route=%2Fwp%2Fv2%2Fmedia&parent=2"}],"curies":[{"name":"wp","href":"https:\/\/api.w.org\/{rel}","templated":true}]}}